{"id":37,"date":"2018-01-31T16:12:05","date_gmt":"2018-01-31T15:12:05","guid":{"rendered":"https:\/\/religion-politik.blogs.ruhr-uni-bochum.de\/?page_id=37"},"modified":"2018-03-26T20:30:01","modified_gmt":"2018-03-26T18:30:01","slug":"projekt","status":"publish","type":"page","link":"https:\/\/religion-politik.blogs.ruhr-uni-bochum.de\/?page_id=37","title":{"rendered":"Projekt"},"content":{"rendered":"<p><a href=\"https:\/\/religion-politik.blogs.ruhr-uni-bochum.de\/wp-content\/uploads\/2018\/02\/Religion_trifft_Politik_Poster_A3.png\"><img loading=\"lazy\" decoding=\"async\" class=\"size-medium wp-image-105 alignright\" src=\"https:\/\/religion-politik.blogs.ruhr-uni-bochum.de\/wp-content\/uploads\/2018\/02\/Religion_trifft_Politik_Poster_A3-213x300.png\" alt=\"\" width=\"213\" height=\"300\" srcset=\"https:\/\/religion-politik.blogs.ruhr-uni-bochum.de\/wp-content\/uploads\/2018\/02\/Religion_trifft_Politik_Poster_A3-213x300.png 213w, https:\/\/religion-politik.blogs.ruhr-uni-bochum.de\/wp-content\/uploads\/2018\/02\/Religion_trifft_Politik_Poster_A3-768x1080.png 768w, https:\/\/religion-politik.blogs.ruhr-uni-bochum.de\/wp-content\/uploads\/2018\/02\/Religion_trifft_Politik_Poster_A3-728x1024.png 728w, https:\/\/religion-politik.blogs.ruhr-uni-bochum.de\/wp-content\/uploads\/2018\/02\/Religion_trifft_Politik_Poster_A3-624x878.png 624w, https:\/\/religion-politik.blogs.ruhr-uni-bochum.de\/wp-content\/uploads\/2018\/02\/Religion_trifft_Politik_Poster_A3.png 1789w\" sizes=\"auto, (max-width: 213px) 100vw, 213px\" \/><\/a>Im Nahen Osten findet sich eine einzigartige ethno-religi\u00f6se Vielfalt. Das Inititativprojekt \u201eReligion trifft Politik. Minderheiten im Nahen Osten\u201c will Studierenden verschiedener Fachrichtungen vor allem auch die gegenw\u00e4rtige Situation dieser Minderheiten\/Vielfalt nahebringen. Dabei k\u00f6nnen sich Studierende zun\u00e4chst grundlegendes Hintergrundwissen zum historischen, politischen und religi\u00f6sen Kontext aneignen, um dann von Expertinnen und Experten aus der Region selbst, aber auch aus Deutschland vertiefende Analysen zu h\u00f6ren und diese mit ihnen intensiv zu diskutieren. Dieser Think Tank findet in Gestalt einer Posterpr\u00e4sentation einen Abschluss, bei der eigene Fragen und Themenkomplexe innovativ weitergedacht und diskutiert werden k\u00f6nnen.<\/p>\n","protected":false},"excerpt":{"rendered":"<p>Im Nahen Osten findet sich eine einzigartige ethno-religi\u00f6se Vielfalt. Das Inititativprojekt \u201eReligion trifft Politik. Minderheiten im Nahen Osten\u201c will Studierenden verschiedener Fachrichtungen vor allem auch die gegenw\u00e4rtige Situation dieser Minderheiten\/Vielfalt nahebringen. Dabei k\u00f6nnen sich Studierende zun\u00e4chst grundlegendes Hintergrundwissen zum historischen, politischen und religi\u00f6sen Kontext aneignen, um dann von Expertinnen und Experten aus der Region selbst, [&hellip;]<\/p>\n","protected":false},"author":7,"featured_media":0,"parent":0,"menu_order":0,"comment_status":"closed","ping_status":"closed","template":"","meta":{"footnotes":""},"class_list":["post-37","page","type-page","status-publish","hentry"],"_links":{"self":[{"href":"https:\/\/religion-politik.blogs.ruhr-uni-bochum.de\/index.php?rest_route=\/wp\/v2\/pages\/37","targetHints":{"allow":["GET"]}}],"collection":[{"href":"https:\/\/religion-politik.blogs.ruhr-uni-bochum.de\/index.php?rest_route=\/wp\/v2\/pages"}],"about":[{"href":"https:\/\/religion-politik.blogs.ruhr-uni-bochum.de\/index.php?rest_route=\/wp\/v2\/types\/page"}],"author":[{"embeddable":true,"href":"https:\/\/religion-politik.blogs.ruhr-uni-bochum.de\/index.php?rest_route=\/wp\/v2\/users\/7"}],"replies":[{"embeddable":true,"href":"https:\/\/religion-politik.blogs.ruhr-uni-bochum.de\/index.php?rest_route=%2Fwp%2Fv2%2Fcomments&post=37"}],"version-history":[{"count":4,"href":"https:\/\/religion-politik.blogs.ruhr-uni-bochum.de\/index.php?rest_route=\/wp\/v2\/pages\/37\/revisions"}],"predecessor-version":[{"id":189,"href":"https:\/\/religion-politik.blogs.ruhr-uni-bochum.de\/index.php?rest_route=\/wp\/v2\/pages\/37\/revisions\/189"}],"wp:attachment":[{"href":"https:\/\/religion-politik.blogs.ruhr-uni-bochum.de\/index.php?rest_route=%2Fwp%2Fv2%2Fmedia&parent=37"}],"curies":[{"name":"wp","href":"https:\/\/api.w.org\/{rel}","templated":true}]}}